{"id":910,"date":"2024-05-25T09:50:22","date_gmt":"2024-05-25T07:50:22","guid":{"rendered":"https:\/\/kubicek.ai\/reference\/"},"modified":"2024-09-26T14:31:12","modified_gmt":"2024-09-26T12:31:12","slug":"reference","status":"publish","type":"page","link":"https:\/\/www.kubicek.ai\/en\/reference\/","title":{"rendered":"Reference"},"content":{"rendered":"\t\t<div data-elementor-type=\"wp-page\" data-elementor-id=\"910\" class=\"elementor elementor-910 elementor-381\" data-elementor-post-type=\"page\">\n\t\t\t\t\t\t<section class=\"elementor-section elementor-top-section elementor-element elementor-element-5260054 elementor-section-boxed elementor-section-height-default elementor-section-height-default\" data-id=\"5260054\" data-element_type=\"section\" data-e-type=\"section\">\n\t\t\t\t\t\t<div class=\"elementor-container elementor-column-gap-default\">\n\t\t\t\t\t<div class=\"elementor-column elementor-col-100 elementor-top-column elementor-element elementor-element-7b77b72\" data-id=\"7b77b72\" data-element_type=\"column\" data-e-type=\"column\">\n\t\t\t<div class=\"elementor-widget-wrap elementor-element-populated\">\n\t\t\t\t\t\t<section class=\"elementor-section elementor-inner-section elementor-element elementor-element-1229899 elementor-section-boxed elementor-section-height-default elementor-section-height-default\" data-id=\"1229899\" data-element_type=\"section\" data-e-type=\"section\" data-settings=\"{&quot;background_background&quot;:&quot;classic&quot;}\">\n\t\t\t\t\t\t<div class=\"elementor-container elementor-column-gap-default\">\n\t\t\t\t\t<div class=\"elementor-column elementor-col-100 elementor-inner-column elementor-element elementor-element-f6e6444\" data-id=\"f6e6444\" data-element_type=\"column\" data-e-type=\"column\">\n\t\t\t<div class=\"elementor-widget-wrap elementor-element-populated\">\n\t\t\t\t\t\t<div class=\"elementor-element elementor-element-118ecfe elementor-widget elementor-widget-heading\" data-id=\"118ecfe\" data-element_type=\"widget\" data-e-type=\"widget\" data-widget_type=\"heading.default\">\n\t\t\t\t<div class=\"elementor-widget-container\">\n\t\t\t\t\t<h1 class=\"elementor-heading-title elementor-size-default\">Experiences of participants in AI training and workshops<\/h1>\t\t\t\t<\/div>\n\t\t\t\t<\/div>\n\t\t\t\t<div class=\"elementor-element elementor-element-b1be95e elementor-cta--layout-image-above elementor-cta--valign-middle elementor-cta--skin-classic elementor-animated-content elementor-bg-transform elementor-bg-transform-zoom-in elementor-widget elementor-widget-call-to-action\" data-id=\"b1be95e\" data-element_type=\"widget\" data-e-type=\"widget\" data-widget_type=\"call-to-action.default\">\n\t\t\t\t<div class=\"elementor-widget-container\">\n\t\t\t\t\t\t\t<div class=\"elementor-cta\">\n\t\t\t\t\t<div class=\"elementor-cta__bg-wrapper\">\n\t\t\t\t<div class=\"elementor-cta__bg elementor-bg\" style=\"background-image: url(https:\/\/www.kubicek.ai\/wp-content\/uploads\/2024\/09\/461337236_10227103314430335_2226221583912807436_n-768x576.jpg);\" role=\"img\" aria-label=\"3IT Ostrava\"><\/div>\n\t\t\t\t<div class=\"elementor-cta__bg-overlay\"><\/div>\n\t\t\t<\/div>\n\t\t\t\t\t\t\t<div class=\"elementor-cta__content\">\n\t\t\t\t\n\t\t\t\t\t\t\t\t\t<h2 class=\"elementor-cta__title elementor-cta__content-item elementor-content-item\">\n\t\t\t\t\t\tThank you for the super practical training!\t\t\t\t\t<\/h2>\n\t\t\t\t\n\t\t\t\t\t\t\t\t\t<div class=\"elementor-cta__description elementor-cta__content-item elementor-content-item\">\n\t\t\t\t\t\t<p>Last week we held a training on \"AI - Artificial Intelligence in practice\", which was part of the NPO project - Digi for business! \u2728 It was inspiring and informative, we learned a lot of new information about how to effectively use artificial intelligence in our daily work. From process automation to data analytics, we now have the tools in our hands to take us one step further! Now we can't wait to start putting our new skills into practice. Thanks to Mediatoring.cz and Michal Kub\u00ed\u010dek for the load of information. It gave us a lot. Many of us use AI more often and more effectively than in the days before the training.      <\/p>\n\t\t\t\t\t<\/div>\n\t\t\t\t\n\t\t\t\t\t\t\t\t\t<div class=\"elementor-cta__button-wrapper elementor-cta__content-item elementor-content-item \">\n\t\t\t\t\t<a class=\"elementor-cta__button elementor-button elementor-size-\" href=\"https:\/\/www.linkedin.com\/feed\/update\/urn:li:activity:7244652755926028290\/#\" target=\"_blank\">\n\t\t\t\t\t\tMichalis Katapodis, owner of 3IT development studio \t\t\t\t\t<\/a>\n\t\t\t\t\t<\/div>\n\t\t\t\t\t\t\t<\/div>\n\t\t\t\t\t\t\t<div class=\"elementor-ribbon elementor-ribbon-left\">\n\t\t\t\t<div class=\"elementor-ribbon-inner\">\n\t\t\t\t\t2-day training\t\t\t\t<\/div>\n\t\t\t<\/div>\n\t\t\t\t<\/div>\n\t\t\t\t\t\t<\/div>\n\t\t\t\t<\/div>\n\t\t\t\t<div class=\"elementor-element elementor-element-2664505 elementor-invisible elementor-widget elementor-widget-testimonial\" data-id=\"2664505\" data-element_type=\"widget\" data-e-type=\"widget\" data-settings=\"{&quot;_animation&quot;:&quot;fadeIn&quot;}\" data-widget_type=\"testimonial.default\">\n\t\t\t\t<div class=\"elementor-widget-container\">\n\t\t\t\t\t\t\t<div class=\"elementor-testimonial-wrapper\">\n\t\t\t\t\t\t\t<div class=\"elementor-testimonial-content\"><p>Will we apply AI in PR?<br \/>\nOf course we will!<br \/>\nThat's why I took a 3-day course to improve my skills.<br \/>\nIt's not as easy as you think, but Michal Kubicek convinced me that it's worth the effort.<br \/>\nI really liked his course on using AI.<br \/>\nIt was ideal for me that it was held during the holidays, which I always use to improve my skills when the kids are at camps, etc.<br \/>\nI appreciate that Michal Kubicek was very patient and willing to solve our various \"problems\".      <\/p>\n<\/div>\n\t\t\t\n\t\t\t\t\t\t<div class=\"elementor-testimonial-meta elementor-has-image elementor-testimonial-image-position-aside\">\n\t\t\t\t<div class=\"elementor-testimonial-meta-inner\">\n\t\t\t\t\t\t\t\t\t\t\t<div class=\"elementor-testimonial-image\">\n\t\t\t\t\t\t\t<img fetchpriority=\"high\" decoding=\"async\" width=\"800\" height=\"800\" src=\"https:\/\/www.kubicek.ai\/wp-content\/uploads\/2024\/08\/1683314203843.jpeg\" class=\"attachment-full size-full wp-image-550\" alt=\"\" srcset=\"https:\/\/www.kubicek.ai\/wp-content\/uploads\/2024\/08\/1683314203843.jpeg 800w, https:\/\/www.kubicek.ai\/wp-content\/uploads\/2024\/08\/1683314203843-300x300.jpeg 300w, https:\/\/www.kubicek.ai\/wp-content\/uploads\/2024\/08\/1683314203843-150x150.jpeg 150w, https:\/\/www.kubicek.ai\/wp-content\/uploads\/2024\/08\/1683314203843-768x768.jpeg 768w\" sizes=\"(max-width: 800px) 100vw, 800px\" \/>\t\t\t\t\t\t<\/div>\n\t\t\t\t\t\n\t\t\t\t\t\t\t\t\t\t<div class=\"elementor-testimonial-details\">\n\t\t\t\t\t\t\t\t\t\t\t\t\t\t<div class=\"elementor-testimonial-name\">Jana Dronsk\u00e1<\/div>\n\t\t\t\t\t\t\t\t\t\t\t\t\t\t\t\t\t\t\t\t\t\t<div class=\"elementor-testimonial-job\">PR manager of V\u00edtkovice Steel<\/div>\n\t\t\t\t\t\t\t\t\t\t\t\t\t<\/div>\n\t\t\t\t\t\t\t\t\t<\/div>\n\t\t\t<\/div>\n\t\t\t\t\t<\/div>\n\t\t\t\t\t\t<\/div>\n\t\t\t\t<\/div>\n\t\t\t\t<div class=\"elementor-element elementor-element-f431c32 elementor-invisible elementor-widget elementor-widget-testimonial\" data-id=\"f431c32\" data-element_type=\"widget\" data-e-type=\"widget\" data-settings=\"{&quot;_animation&quot;:&quot;fadeIn&quot;}\" data-widget_type=\"testimonial.default\">\n\t\t\t\t<div class=\"elementor-widget-container\">\n\t\t\t\t\t\t\t<div class=\"elementor-testimonial-wrapper\">\n\t\t\t\t\t\t\t<div class=\"elementor-testimonial-content\"><p>Mr. Kub\u00ed\u010dek showed us how to use artificial intelligence and various available tools for our e-shop kralovstvizdravi.cz.<br \/>\nHis support and expert explanation provided us with important knowledge in the field of artificial intelligence.<br \/>\nThanks to him, we have a better understanding of the possibilities offered by these technologies.<br \/>\nHis professional approach and willingness to share his knowledge is very valuable.     <\/p>\n<\/div>\n\t\t\t\n\t\t\t\t\t\t<div class=\"elementor-testimonial-meta elementor-has-image elementor-testimonial-image-position-aside\">\n\t\t\t\t<div class=\"elementor-testimonial-meta-inner\">\n\t\t\t\t\t\t\t\t\t\t\t<div class=\"elementor-testimonial-image\">\n\t\t\t\t\t\t\t<img decoding=\"async\" width=\"500\" height=\"500\" src=\"https:\/\/www.kubicek.ai\/wp-content\/uploads\/2024\/06\/fotka-profi.png\" class=\"attachment-full size-full wp-image-451\" alt=\"\" srcset=\"https:\/\/www.kubicek.ai\/wp-content\/uploads\/2024\/06\/fotka-profi.png 500w, https:\/\/www.kubicek.ai\/wp-content\/uploads\/2024\/06\/fotka-profi-300x300.png 300w, https:\/\/www.kubicek.ai\/wp-content\/uploads\/2024\/06\/fotka-profi-150x150.png 150w\" sizes=\"(max-width: 500px) 100vw, 500px\" \/>\t\t\t\t\t\t<\/div>\n\t\t\t\t\t\n\t\t\t\t\t\t\t\t\t\t<div class=\"elementor-testimonial-details\">\n\t\t\t\t\t\t\t\t\t\t\t\t\t\t<div class=\"elementor-testimonial-name\">Jakub Knofl\u00ed\u010dek<\/div>\n\t\t\t\t\t\t\t\t\t\t\t\t\t\t\t\t\t\t\t\t\t\t<div class=\"elementor-testimonial-job\">e-shop manager kralovstvizdravi.cz<\/div>\n\t\t\t\t\t\t\t\t\t\t\t\t\t<\/div>\n\t\t\t\t\t\t\t\t\t<\/div>\n\t\t\t<\/div>\n\t\t\t\t\t<\/div>\n\t\t\t\t\t\t<\/div>\n\t\t\t\t<\/div>\n\t\t\t\t<div class=\"elementor-element elementor-element-350de34 elementor-invisible elementor-widget elementor-widget-testimonial\" data-id=\"350de34\" data-element_type=\"widget\" data-e-type=\"widget\" data-settings=\"{&quot;_animation&quot;:&quot;fadeIn&quot;}\" data-widget_type=\"testimonial.default\">\n\t\t\t\t<div class=\"elementor-widget-container\">\n\t\t\t\t\t\t\t<div class=\"elementor-testimonial-wrapper\">\n\t\t\t\t\t\t\t<div class=\"elementor-testimonial-content\"><p>Mr. Kubicek provided us with indispensable help in implementing AI and automation on our websites and e-shops.<br \/>\nHis professional approach allowed us to significantly improve the efficiency of our services.<br \/>\nHis expertise in the field of artificial intelligence is very valuable.    <\/p>\n<\/div>\n\t\t\t\n\t\t\t\t\t\t<div class=\"elementor-testimonial-meta elementor-has-image elementor-testimonial-image-position-aside\">\n\t\t\t\t<div class=\"elementor-testimonial-meta-inner\">\n\t\t\t\t\t\t\t\t\t\t\t<div class=\"elementor-testimonial-image\">\n\t\t\t\t\t\t\t<img decoding=\"async\" width=\"320\" height=\"316\" src=\"https:\/\/www.kubicek.ai\/wp-content\/uploads\/2023\/03\/429676441_7698652370154647_3918350982313264586_n.jpg\" class=\"attachment-full size-full wp-image-317\" alt=\"\" srcset=\"https:\/\/www.kubicek.ai\/wp-content\/uploads\/2023\/03\/429676441_7698652370154647_3918350982313264586_n.jpg 320w, https:\/\/www.kubicek.ai\/wp-content\/uploads\/2023\/03\/429676441_7698652370154647_3918350982313264586_n-300x296.jpg 300w\" sizes=\"(max-width: 320px) 100vw, 320px\" \/>\t\t\t\t\t\t<\/div>\n\t\t\t\t\t\n\t\t\t\t\t\t\t\t\t\t<div class=\"elementor-testimonial-details\">\n\t\t\t\t\t\t\t\t\t\t\t\t\t\t<div class=\"elementor-testimonial-name\">Ivan Sedik  <\/div>\n\t\t\t\t\t\t\t\t\t\t\t\t\t\t\t\t\t\t\t\t\t\t<div class=\"elementor-testimonial-job\">Managing Director of DigitalHouse.sk<\/div>\n\t\t\t\t\t\t\t\t\t\t\t\t\t<\/div>\n\t\t\t\t\t\t\t\t\t<\/div>\n\t\t\t<\/div>\n\t\t\t\t\t<\/div>\n\t\t\t\t\t\t<\/div>\n\t\t\t\t<\/div>\n\t\t\t\t<div class=\"elementor-element elementor-element-828462c elementor-invisible elementor-widget elementor-widget-testimonial\" data-id=\"828462c\" data-element_type=\"widget\" data-e-type=\"widget\" data-settings=\"{&quot;_animation&quot;:&quot;fadeIn&quot;}\" data-widget_type=\"testimonial.default\">\n\t\t\t\t<div class=\"elementor-widget-container\">\n\t\t\t\t\t\t\t<div class=\"elementor-testimonial-wrapper\">\n\t\t\t\t\t\t\t<div class=\"elementor-testimonial-content\"><p>The workshop on the use of artificial intelligence that we attended was conducted in a very professional and at the same time understandable for all participants.<br \/>\nThe lecture was given by Mr. Mgr.<br \/>\nMichal Kub\u00ed\u010dek, who answered all our questions very accurately and patiently.<br \/>\nWe gained a lot of inspiring information, thanks to which we will be able to use AI more effectively not only in our work as real estate brokers in AMBRA REAL group s.r.o..<br \/>\nSuch a pleasant and productive day was additionally enhanced by great refreshments and a positive atmosphere.<br \/>\nThank you.     <\/p>\n<\/div>\n\t\t\t\n\t\t\t\t\t\t<div class=\"elementor-testimonial-meta elementor-has-image elementor-testimonial-image-position-aside\">\n\t\t\t\t<div class=\"elementor-testimonial-meta-inner\">\n\t\t\t\t\t\t\t\t\t\t\t<div class=\"elementor-testimonial-image\">\n\t\t\t\t\t\t\t<img loading=\"lazy\" decoding=\"async\" width=\"120\" height=\"150\" src=\"https:\/\/www.kubicek.ai\/wp-content\/uploads\/2023\/03\/120x150c-ke826-812c4-monika-durisova-monika-durisova-1184366873-943344373.webp\" class=\"attachment-full size-full wp-image-294\" alt=\"\" \/>\t\t\t\t\t\t<\/div>\n\t\t\t\t\t\n\t\t\t\t\t\t\t\t\t\t<div class=\"elementor-testimonial-details\">\n\t\t\t\t\t\t\t\t\t\t\t\t\t\t<div class=\"elementor-testimonial-name\">Monika \u010euri\u0161ov\u00e1<\/div>\n\t\t\t\t\t\t\t\t\t\t\t\t\t\t\t\t\t\t\t\t\t\t<div class=\"elementor-testimonial-job\">owner of the real estate agency AMBRA REAL group s.r.o.<\/div>\n\t\t\t\t\t\t\t\t\t\t\t\t\t<\/div>\n\t\t\t\t\t\t\t\t\t<\/div>\n\t\t\t<\/div>\n\t\t\t\t\t<\/div>\n\t\t\t\t\t\t<\/div>\n\t\t\t\t<\/div>\n\t\t\t\t<div class=\"elementor-element elementor-element-de4baae elementor-invisible elementor-widget elementor-widget-testimonial\" data-id=\"de4baae\" data-element_type=\"widget\" data-e-type=\"widget\" data-settings=\"{&quot;_animation&quot;:&quot;fadeIn&quot;}\" data-widget_type=\"testimonial.default\">\n\t\t\t\t<div class=\"elementor-widget-container\">\n\t\t\t\t\t\t\t<div class=\"elementor-testimonial-wrapper\">\n\t\t\t\t\t\t\t<div class=\"elementor-testimonial-content\"><p>When I arrived at the AI training, my first thought was, \"Where did I get this?\"<br \/>\nI was surrounded by AI people, office workers and business owners, and I felt like an astronaut without a rocket.<br \/>\nThe first day of training was the theoretical part and I must admit that I went home feeling like I was in a Spanish village.<br \/>\nI didn't understand a word and wondered if I should have brought a dictionary.<br \/>\nThe next day was a practical lesson and here my fears vanished.<br \/>\nEverything was explained so thoroughly and clearly that I could understand it with a pillow over my ears.<br \/>\nThe instructors showed us practical examples and AI suddenly started to make sense to me.<br \/>\nI felt like a kid who just had a light turned on in his head.<br \/>\nI came to the training as a complete layman, but I left as a person who can use AI in my everyday and professional life.<br \/>\nIf you have any doubts, trust me, they are unnecessary.<br \/>\nBy the end of the course, you will be able to use AI to its full potential and maybe even become your new best friend.<br \/>\nThank you so much for everything and I wish you many happy clients.           <\/p>\n<\/div>\n\t\t\t\n\t\t\t\t\t\t<div class=\"elementor-testimonial-meta elementor-has-image elementor-testimonial-image-position-aside\">\n\t\t\t\t<div class=\"elementor-testimonial-meta-inner\">\n\t\t\t\t\t\t\t\t\t\t\t<div class=\"elementor-testimonial-image\">\n\t\t\t\t\t\t\t<img loading=\"lazy\" decoding=\"async\" width=\"1200\" height=\"1200\" src=\"https:\/\/www.kubicek.ai\/wp-content\/uploads\/2024\/05\/233456630_301445215107680_6327607070599015780_n.jpg\" class=\"attachment-full size-full wp-image-413\" alt=\"\" srcset=\"https:\/\/www.kubicek.ai\/wp-content\/uploads\/2024\/05\/233456630_301445215107680_6327607070599015780_n.jpg 1200w, https:\/\/www.kubicek.ai\/wp-content\/uploads\/2024\/05\/233456630_301445215107680_6327607070599015780_n-300x300.jpg 300w, https:\/\/www.kubicek.ai\/wp-content\/uploads\/2024\/05\/233456630_301445215107680_6327607070599015780_n-1024x1024.jpg 1024w, https:\/\/www.kubicek.ai\/wp-content\/uploads\/2024\/05\/233456630_301445215107680_6327607070599015780_n-150x150.jpg 150w, https:\/\/www.kubicek.ai\/wp-content\/uploads\/2024\/05\/233456630_301445215107680_6327607070599015780_n-768x768.jpg 768w\" sizes=\"(max-width: 1200px) 100vw, 1200px\" \/>\t\t\t\t\t\t<\/div>\n\t\t\t\t\t\n\t\t\t\t\t\t\t\t\t\t<div class=\"elementor-testimonial-details\">\n\t\t\t\t\t\t\t\t\t\t\t\t\t\t<div class=\"elementor-testimonial-name\">Tomas Lasota<\/div>\n\t\t\t\t\t\t\t\t\t\t\t\t\t\t\t\t\t\t\t\t\t\t<div class=\"elementor-testimonial-job\">professional driver<\/div>\n\t\t\t\t\t\t\t\t\t\t\t\t\t<\/div>\n\t\t\t\t\t\t\t\t\t<\/div>\n\t\t\t<\/div>\n\t\t\t\t\t<\/div>\n\t\t\t\t\t\t<\/div>\n\t\t\t\t<\/div>\n\t\t\t\t<div class=\"elementor-element elementor-element-3dc485a elementor-invisible elementor-widget elementor-widget-testimonial\" data-id=\"3dc485a\" data-element_type=\"widget\" data-e-type=\"widget\" data-settings=\"{&quot;_animation&quot;:&quot;fadeIn&quot;}\" data-widget_type=\"testimonial.default\">\n\t\t\t\t<div class=\"elementor-widget-container\">\n\t\t\t\t\t\t\t<div class=\"elementor-testimonial-wrapper\">\n\t\t\t\t\t\t\t<div class=\"elementor-testimonial-content\"><p>I must say I was very pleasantly surprised.<br \/>\nI was expecting really just the basics about AI but with you it is clear that you are a seasoned expert who knows how to properly communicate and use AI.<br \/>\nI would rate today's course a 9\/10 explanation of the history and beginnings of AI was quite a stretch but I understand that everyone needs to familiarize themselves with it to know how far time has come.    <\/p>\n<\/div>\n\t\t\t\n\t\t\t\t\t\t<div class=\"elementor-testimonial-meta elementor-has-image elementor-testimonial-image-position-aside\">\n\t\t\t\t<div class=\"elementor-testimonial-meta-inner\">\n\t\t\t\t\t\t\t\t\t\t\t<div class=\"elementor-testimonial-image\">\n\t\t\t\t\t\t\t<img loading=\"lazy\" decoding=\"async\" width=\"1920\" height=\"2560\" src=\"https:\/\/www.kubicek.ai\/wp-content\/uploads\/2024\/05\/unnamed-2-scaled.jpg\" class=\"attachment-full size-full wp-image-414\" alt=\"\" srcset=\"https:\/\/www.kubicek.ai\/wp-content\/uploads\/2024\/05\/unnamed-2-scaled.jpg 1920w, https:\/\/www.kubicek.ai\/wp-content\/uploads\/2024\/05\/unnamed-2-225x300.jpg 225w, https:\/\/www.kubicek.ai\/wp-content\/uploads\/2024\/05\/unnamed-2-768x1024.jpg 768w, https:\/\/www.kubicek.ai\/wp-content\/uploads\/2024\/05\/unnamed-2-1152x1536.jpg 1152w, https:\/\/www.kubicek.ai\/wp-content\/uploads\/2024\/05\/unnamed-2-1536x2048.jpg 1536w\" sizes=\"(max-width: 1920px) 100vw, 1920px\" \/>\t\t\t\t\t\t<\/div>\n\t\t\t\t\t\n\t\t\t\t\t\t\t\t\t\t<div class=\"elementor-testimonial-details\">\n\t\t\t\t\t\t\t\t\t\t\t\t\t\t<div class=\"elementor-testimonial-name\">  Adam Sasen<\/div>\n\t\t\t\t\t\t\t\t\t\t\t\t\t\t\t\t\t\t\t\t\t\t<div class=\"elementor-testimonial-job\">IT student<\/div>\n\t\t\t\t\t\t\t\t\t\t\t\t\t<\/div>\n\t\t\t\t\t\t\t\t\t<\/div>\n\t\t\t<\/div>\n\t\t\t\t\t<\/div>\n\t\t\t\t\t\t<\/div>\n\t\t\t\t<\/div>\n\t\t\t\t<div class=\"elementor-element elementor-element-6b28ac8 elementor-invisible elementor-widget elementor-widget-testimonial\" data-id=\"6b28ac8\" data-element_type=\"widget\" data-e-type=\"widget\" data-settings=\"{&quot;_animation&quot;:&quot;fadeIn&quot;}\" data-widget_type=\"testimonial.default\">\n\t\t\t\t<div class=\"elementor-widget-container\">\n\t\t\t\t\t\t\t<div class=\"elementor-testimonial-wrapper\">\n\t\t\t\t\t\t\t<div class=\"elementor-testimonial-content\"><p>Our company Profi Cert recently attended a training course on \"Using AI in practice\", led by Michal Kub\u00ed\u010dek.<br \/>\nThe training was great, full of practical demonstrations that helped us better understand how to use AI in our work.<br \/>\nMr. Kubicek was very relaxed and funny, which contributed to the pleasant atmosphere.<br \/>\nThanks to his presentation, we gained a lot of useful knowledge and skills that we plan to use in our daily activities in product certification.<br \/>\nThe training was very beneficial for us and we would like to thank Michal Kub\u00ed\u010dek for his excellent work.<br \/>\nWe recommend this training to anyone who wants to better understand and use AI in their practice.     <\/p>\n<\/div>\n\t\t\t\n\t\t\t\t\t\t<div class=\"elementor-testimonial-meta elementor-has-image elementor-testimonial-image-position-aside\">\n\t\t\t\t<div class=\"elementor-testimonial-meta-inner\">\n\t\t\t\t\t\t\t\t\t\t\t<div class=\"elementor-testimonial-image\">\n\t\t\t\t\t\t\t<img loading=\"lazy\" decoding=\"async\" width=\"350\" height=\"438\" src=\"https:\/\/www.kubicek.ai\/wp-content\/uploads\/2024\/05\/Jan-Vidlicka_2.png\" class=\"attachment-full size-full wp-image-406\" alt=\"\" srcset=\"https:\/\/www.kubicek.ai\/wp-content\/uploads\/2024\/05\/Jan-Vidlicka_2.png 350w, https:\/\/www.kubicek.ai\/wp-content\/uploads\/2024\/05\/Jan-Vidlicka_2-240x300.png 240w\" sizes=\"(max-width: 350px) 100vw, 350px\" \/>\t\t\t\t\t\t<\/div>\n\t\t\t\t\t\n\t\t\t\t\t\t\t\t\t\t<div class=\"elementor-testimonial-details\">\n\t\t\t\t\t\t\t\t\t\t\t\t\t\t<div class=\"elementor-testimonial-name\">Jan Vidli\u010dka<\/div>\n\t\t\t\t\t\t\t\t\t\t\t\t\t\t\t\t\t\t\t\t\t\t<div class=\"elementor-testimonial-job\">Manager of Profi Cert<\/div>\n\t\t\t\t\t\t\t\t\t\t\t\t\t<\/div>\n\t\t\t\t\t\t\t\t\t<\/div>\n\t\t\t<\/div>\n\t\t\t\t\t<\/div>\n\t\t\t\t\t\t<\/div>\n\t\t\t\t<\/div>\n\t\t\t\t<div class=\"elementor-element elementor-element-e1de28a elementor-invisible elementor-widget elementor-widget-testimonial\" data-id=\"e1de28a\" data-element_type=\"widget\" data-e-type=\"widget\" data-settings=\"{&quot;_animation&quot;:&quot;fadeIn&quot;}\" data-widget_type=\"testimonial.default\">\n\t\t\t\t<div class=\"elementor-widget-container\">\n\t\t\t\t\t\t\t<div class=\"elementor-testimonial-wrapper\">\n\t\t\t\t\t\t\t<div class=\"elementor-testimonial-content\"><p>We are a company open to new technologies and trends, so we wanted to broaden our horizons in the field of AI, whose contribution and importance is becoming increasingly important.<br \/>\nThe training exceeded our expectations, showing us how AI can be used in both our professional and personal lives, how to work effectively and use AI applications across departments in our company.<br \/>\nThe trainer's knowledge, preparedness and overall approach to the training was perfect and the training was beneficial for us.    <\/p>\n<\/div>\n\t\t\t\n\t\t\t\t\t\t<div class=\"elementor-testimonial-meta elementor-has-image elementor-testimonial-image-position-aside\">\n\t\t\t\t<div class=\"elementor-testimonial-meta-inner\">\n\t\t\t\t\t\t\t\t\t\t\t<div class=\"elementor-testimonial-image\">\n\t\t\t\t\t\t\t<img loading=\"lazy\" decoding=\"async\" width=\"863\" height=\"809\" src=\"https:\/\/www.kubicek.ai\/wp-content\/uploads\/2023\/03\/Kaiserova_Sarka-fdab19d9-jpg-800\u00d7800-.png\" class=\"attachment-full size-full wp-image-305\" alt=\"\" srcset=\"https:\/\/www.kubicek.ai\/wp-content\/uploads\/2023\/03\/Kaiserova_Sarka-fdab19d9-jpg-800\u00d7800-.png 863w, https:\/\/www.kubicek.ai\/wp-content\/uploads\/2023\/03\/Kaiserova_Sarka-fdab19d9-jpg-800\u00d7800--300x281.png 300w, https:\/\/www.kubicek.ai\/wp-content\/uploads\/2023\/03\/Kaiserova_Sarka-fdab19d9-jpg-800\u00d7800--768x720.png 768w\" sizes=\"(max-width: 863px) 100vw, 863px\" \/>\t\t\t\t\t\t<\/div>\n\t\t\t\t\t\n\t\t\t\t\t\t\t\t\t\t<div class=\"elementor-testimonial-details\">\n\t\t\t\t\t\t\t\t\t\t\t\t\t\t<div class=\"elementor-testimonial-name\">\u0160\u00e1rka Kaiserov\u00e1<\/div>\n\t\t\t\t\t\t\t\t\t\t\t\t\t\t\t\t\t\t\t\t\t\t<div class=\"elementor-testimonial-job\">Director of Operations, Legal &amp; Processes KetoDiet Europe SE<\/div>\n\t\t\t\t\t\t\t\t\t\t\t\t\t<\/div>\n\t\t\t\t\t\t\t\t\t<\/div>\n\t\t\t<\/div>\n\t\t\t\t\t<\/div>\n\t\t\t\t\t\t<\/div>\n\t\t\t\t<\/div>\n\t\t\t\t\t<\/div>\n\t\t<\/div>\n\t\t\t\t\t<\/div>\n\t\t<\/section>\n\t\t\t\t\t<\/div>\n\t\t<\/div>\n\t\t\t\t\t<\/div>\n\t\t<\/section>\n\t\t\t\t<\/div>\n\t\t","protected":false},"excerpt":{"rendered":"<p>Experiences of participants in AI training and workshops Thank you for the super practical training! Last week we held a training on &#8220;AI &#8211; Artificial Intelligence in practice&#8221;, which was part of the NPO project &#8211; Digi for business! \u2728 It was inspiring and informative, we learned a lot of new information about how to [&hellip;]<\/p>\n","protected":false},"author":1,"featured_media":0,"parent":0,"menu_order":0,"comment_status":"closed","ping_status":"closed","template":"","meta":{"_acf_changed":false,"_seopress_robots_primary_cat":"","_seopress_titles_title":"","_seopress_titles_desc":"","_seopress_robots_index":"","_seopress_analysis_target_kw":"","footnotes":""},"class_list":["post-910","page","type-page","status-publish","hentry"],"acf":[],"_links":{"self":[{"href":"https:\/\/www.kubicek.ai\/en\/wp-json\/wp\/v2\/pages\/910","targetHints":{"allow":["GET"]}}],"collection":[{"href":"https:\/\/www.kubicek.ai\/en\/wp-json\/wp\/v2\/pages"}],"about":[{"href":"https:\/\/www.kubicek.ai\/en\/wp-json\/wp\/v2\/types\/page"}],"author":[{"embeddable":true,"href":"https:\/\/www.kubicek.ai\/en\/wp-json\/wp\/v2\/users\/1"}],"replies":[{"embeddable":true,"href":"https:\/\/www.kubicek.ai\/en\/wp-json\/wp\/v2\/comments?post=910"}],"version-history":[{"count":3,"href":"https:\/\/www.kubicek.ai\/en\/wp-json\/wp\/v2\/pages\/910\/revisions"}],"predecessor-version":[{"id":980,"href":"https:\/\/www.kubicek.ai\/en\/wp-json\/wp\/v2\/pages\/910\/revisions\/980"}],"wp:attachment":[{"href":"https:\/\/www.kubicek.ai\/en\/wp-json\/wp\/v2\/media?parent=910"}],"curies":[{"name":"wp","href":"https:\/\/api.w.org\/{rel}","templated":true}]}}